{"id":14213,"date":"2021-11-16T13:06:06","date_gmt":"2021-11-16T13:06:06","guid":{"rendered":"https:\/\/henry.idcohorts.net\/?page_id=14213"},"modified":"2023-03-09T11:44:53","modified_gmt":"2023-03-09T11:44:53","slug":"impressum","status":"publish","type":"page","link":"https:\/\/henry.idcohorts.net\/en\/impressum\/","title":{"rendered":"Impressum"},"content":{"rendered":"<div data-elementor-type=\"wp-page\" data-elementor-id=\"14213\" class=\"elementor elementor-14213\">\n\t\t\t\t\t\t<section class=\"elementor-section elementor-top-section elementor-element elementor-element-2f3ab08e elementor-section-boxed elementor-section-height-default elementor-section-height-default\" data-id=\"2f3ab08e\" data-element_type=\"section\">\n\t\t\t\t\t\t<div class=\"elementor-container elementor-column-gap-default\">\n\t\t\t\t\t<div class=\"elementor-column elementor-col-100 elementor-top-column elementor-element elementor-element-111b2ad4\" data-id=\"111b2ad4\" data-element_type=\"column\">\n\t\t\t<div class=\"elementor-widget-wrap elementor-element-populated\">\n\t\t\t\t\t\t<div class=\"elementor-element elementor-element-55a99f59 elementor-widget elementor-widget-text-editor\" data-id=\"55a99f59\" data-element_type=\"widget\" data-widget_type=\"text-editor.default\">\n\t\t\t\t<div class=\"elementor-widget-container\">\n\t\t\t\t\t\t\t<h2><strong>Angaben gem\u00e4\u00df \u00a7 5 TMG:<\/strong><\/h2><p>Prof. Dr. med. J\u00f6rg-Janne Vehreschild<\/p><p>Weisshausstra\u00dfe 24<br \/>50939 K\u00f6ln<\/p><p>Telefon: +49 221 47886973<br \/>Telefax: +49 221 4783611<br \/>E-Mail:\u00a0<a href=\"mailto:joerg-janne.vehreschild@uk-koeln.de\">joerg-janne.vehreschild@uk-koeln.de<\/a><\/p>\t\t\t\t\t\t<\/div>\n\t\t\t\t<\/div>\n\t\t\t\t\t<\/div>\n\t\t<\/div>\n\t\t\t\t\t<\/div>\n\t\t<\/section>\n\t\t\t\t<section class=\"elementor-section elementor-top-section elementor-element elementor-element-90581a3 elementor-section-boxed elementor-section-height-default elementor-section-height-default\" data-id=\"90581a3\" data-element_type=\"section\">\n\t\t\t\t\t\t<div class=\"elementor-container elementor-column-gap-default\">\n\t\t\t\t\t<div class=\"elementor-column elementor-col-100 elementor-top-column elementor-element elementor-element-cf1fbe3\" data-id=\"cf1fbe3\" data-element_type=\"column\">\n\t\t\t<div class=\"elementor-widget-wrap elementor-element-populated\">\n\t\t\t\t\t\t<div class=\"elementor-element elementor-element-9abb485 elementor-widget elementor-widget-text-editor\" data-id=\"9abb485\" data-element_type=\"widget\" data-widget_type=\"text-editor.default\">\n\t\t\t\t<div class=\"elementor-widget-container\">\n\t\t\t\t\t\t\t<h6>Bildnachweis<\/h6><p>Bildnachweis &#8211; Quellenangaben f\u00fcr die verwendeten Bilder und Grafiken:\u00a0 \u00a0Freepik from\u00a0<a style=\"box-sizing: inherit; -webkit-font-smoothing: antialiased; word-break: break-word; overflow-wrap: break-word; color: #1976d2; text-decoration-line: underline; transition-duration: 0.15s; transition-timing-function: linear; transition-property: all;\" title=\"Flaticon\" href=\"https:\/\/www.flaticon.com\/\">www.flaticon.com<\/a>\u00a0 &#8211;\u00a0\u00a0<a style=\"background-color: #ffffff; letter-spacing: 0px; box-sizing: inherit; -webkit-font-smoothing: antialiased; overflow-wrap: break-word; color: #1976d2; text-decoration-line: underline; transition-duration: 0.15s; transition-timing-function: linear; transition-property: all;\" href=\"https:\/\/www.freepikcompany.com\/legal#nav-flaticon\">Lizenzbedingungen<\/a><\/p>\t\t\t\t\t\t<\/div>\n\t\t\t\t<\/div>\n\t\t\t\t\t<\/div>\n\t\t<\/div>\n\t\t\t\t\t<\/div>\n\t\t<\/section>\n\t\t\t\t<\/div>","protected":false},"excerpt":{"rendered":"<p>Angaben gem\u00e4\u00df \u00a7 5 TMG: Prof. Dr. med. J\u00f6rg-Janne Vehreschild Weisshausstra\u00dfe 2450939 K\u00f6ln Telefon: +49 221 47886973Telefax: +49 221 4783611E-Mail:\u00a0joerg-janne.vehreschild@uk-koeln.de Bildnachweis Bildnachweis &#8211; Quellenangaben f\u00fcr die verwendeten Bilder und Grafiken:\u00a0 \u00a0Freepik from\u00a0www.flaticon.com\u00a0 &#8211;\u00a0\u00a0Lizenzbedingungen<\/p>","protected":false},"author":1,"featured_media":0,"parent":0,"menu_order":0,"comment_status":"closed","ping_status":"closed","template":"elementor_theme","meta":{"footnotes":""},"class_list":["post-14213","page","type-page","status-publish","hentry","no-post-thumbnail"],"aioseo_notices":[],"_links":{"self":[{"href":"https:\/\/henry.idcohorts.net\/en\/wp-json\/wp\/v2\/pages\/14213","targetHints":{"allow":["GET"]}}],"collection":[{"href":"https:\/\/henry.idcohorts.net\/en\/wp-json\/wp\/v2\/pages"}],"about":[{"href":"https:\/\/henry.idcohorts.net\/en\/wp-json\/wp\/v2\/types\/page"}],"author":[{"embeddable":true,"href":"https:\/\/henry.idcohorts.net\/en\/wp-json\/wp\/v2\/users\/1"}],"replies":[{"embeddable":true,"href":"https:\/\/henry.idcohorts.net\/en\/wp-json\/wp\/v2\/comments?post=14213"}],"version-history":[{"count":38,"href":"https:\/\/henry.idcohorts.net\/en\/wp-json\/wp\/v2\/pages\/14213\/revisions"}],"predecessor-version":[{"id":17889,"href":"https:\/\/henry.idcohorts.net\/en\/wp-json\/wp\/v2\/pages\/14213\/revisions\/17889"}],"wp:attachment":[{"href":"https:\/\/henry.idcohorts.net\/en\/wp-json\/wp\/v2\/media?parent=14213"}],"curies":[{"name":"wp","href":"https:\/\/api.w.org\/{rel}","templated":true}]}}