{"id":17733,"date":"2022-11-03T11:32:33","date_gmt":"2022-11-03T11:32:33","guid":{"rendered":"https:\/\/henry.idcohorts.net\/?page_id=17733"},"modified":"2023-06-20T09:14:51","modified_gmt":"2023-06-20T09:14:51","slug":"henry-neomilk","status":"publish","type":"page","link":"https:\/\/henry.idcohorts.net\/de\/henry-neomilk\/","title":{"rendered":"HEnRY Neo-Milk"},"content":{"rendered":"\t\t<div data-elementor-type=\"wp-page\" data-elementor-id=\"17733\" class=\"elementor elementor-17733\">\n\t\t\t\t\t\t<section class=\"elementor-section elementor-top-section elementor-element elementor-element-7c9c8ef elementor-section-boxed elementor-section-height-default elementor-section-height-default\" data-id=\"7c9c8ef\" data-element_type=\"section\">\n\t\t\t\t\t\t<div class=\"elementor-container elementor-column-gap-default\">\n\t\t\t\t\t<div class=\"elementor-column elementor-col-100 elementor-top-column elementor-element elementor-element-88b901f\" data-id=\"88b901f\" data-element_type=\"column\">\n\t\t\t<div class=\"elementor-widget-wrap elementor-element-populated\">\n\t\t\t\t\t\t<div class=\"elementor-element elementor-element-d6d2e14 elementor-widget elementor-widget-spacer\" data-id=\"d6d2e14\" data-element_type=\"widget\" data-widget_type=\"spacer.default\">\n\t\t\t\t<div class=\"elementor-widget-container\">\n\t\t\t\t\t<div class=\"elementor-spacer\">\n\t\t\t<div class=\"elementor-spacer-inner\"><\/div>\n\t\t<\/div>\n\t\t\t\t<\/div>\n\t\t\t\t<\/div>\n\t\t\t\t<section class=\"elementor-section elementor-inner-section elementor-element elementor-element-e787cb4 elementor-section-boxed elementor-section-height-default elementor-section-height-default elementor-invisible\" data-id=\"e787cb4\" data-element_type=\"section\" data-settings=\"{&quot;animation&quot;:&quot;fadeInUp&quot;}\">\n\t\t\t\t\t\t<div class=\"elementor-container elementor-column-gap-default\">\n\t\t\t\t\t<div class=\"elementor-column elementor-col-50 elementor-inner-column elementor-element elementor-element-5b05fee\" data-id=\"5b05fee\" data-element_type=\"column\">\n\t\t\t<div class=\"elementor-widget-wrap elementor-element-populated\">\n\t\t\t\t\t\t<div class=\"elementor-element elementor-element-fce7608 e-transform e-transform e-transform elementor-widget__width-inherit elementor-hidden-tablet elementor-hidden-mobile elementor-widget elementor-widget-image\" data-id=\"fce7608\" data-element_type=\"widget\" data-settings=\"{&quot;_transform_rotateZ_effect&quot;:{&quot;unit&quot;:&quot;px&quot;,&quot;size&quot;:-90,&quot;sizes&quot;:[]},&quot;_transform_translateX_effect&quot;:{&quot;unit&quot;:&quot;px&quot;,&quot;size&quot;:-82,&quot;sizes&quot;:[]},&quot;_transform_scale_effect&quot;:{&quot;unit&quot;:&quot;px&quot;,&quot;size&quot;:1.6,&quot;sizes&quot;:[]},&quot;_transform_rotateZ_effect_tablet&quot;:{&quot;unit&quot;:&quot;deg&quot;,&quot;size&quot;:&quot;&quot;,&quot;sizes&quot;:[]},&quot;_transform_rotateZ_effect_mobile&quot;:{&quot;unit&quot;:&quot;deg&quot;,&quot;size&quot;:&quot;&quot;,&quot;sizes&quot;:[]},&quot;_transform_translateX_effect_tablet&quot;:{&quot;unit&quot;:&quot;px&quot;,&quot;size&quot;:&quot;&quot;,&quot;sizes&quot;:[]},&quot;_transform_translateX_effect_mobile&quot;:{&quot;unit&quot;:&quot;px&quot;,&quot;size&quot;:&quot;&quot;,&quot;sizes&quot;:[]},&quot;_transform_translateY_effect&quot;:{&quot;unit&quot;:&quot;px&quot;,&quot;size&quot;:&quot;&quot;,&quot;sizes&quot;:[]},&quot;_transform_translateY_effect_tablet&quot;:{&quot;unit&quot;:&quot;px&quot;,&quot;size&quot;:&quot;&quot;,&quot;sizes&quot;:[]},&quot;_transform_translateY_effect_mobile&quot;:{&quot;unit&quot;:&quot;px&quot;,&quot;size&quot;:&quot;&quot;,&quot;sizes&quot;:[]},&quot;_transform_scale_effect_tablet&quot;:{&quot;unit&quot;:&quot;px&quot;,&quot;size&quot;:&quot;&quot;,&quot;sizes&quot;:[]},&quot;_transform_scale_effect_mobile&quot;:{&quot;unit&quot;:&quot;px&quot;,&quot;size&quot;:&quot;&quot;,&quot;sizes&quot;:[]}}\" data-widget_type=\"image.default\">\n\t\t\t\t<div class=\"elementor-widget-container\">\n\t\t\t\t\t\t\t\t\t\t\t\t\t<img decoding=\"async\" width=\"300\" height=\"122\" src=\"https:\/\/henry.idcohorts.net\/wp-content\/uploads\/2022\/04\/Logo_Neo-Milk_rgb_1000px-300x122.png\" class=\"attachment-medium size-medium wp-image-17499\" alt=\"\" srcset=\"https:\/\/henry.idcohorts.net\/wp-content\/uploads\/2022\/04\/Logo_Neo-Milk_rgb_1000px-300x122.png 300w, https:\/\/henry.idcohorts.net\/wp-content\/uploads\/2022\/04\/Logo_Neo-Milk_rgb_1000px-768x313.png 768w, https:\/\/henry.idcohorts.net\/wp-content\/uploads\/2022\/04\/Logo_Neo-Milk_rgb_1000px-18x7.png 18w, https:\/\/henry.idcohorts.net\/wp-content\/uploads\/2022\/04\/Logo_Neo-Milk_rgb_1000px.png 1000w\" sizes=\"(max-width: 300px) 100vw, 300px\" \/>\t\t\t\t\t\t\t\t\t\t\t\t\t<\/div>\n\t\t\t\t<\/div>\n\t\t\t\t\t<\/div>\n\t\t<\/div>\n\t\t\t\t<div class=\"elementor-column elementor-col-50 elementor-inner-column elementor-element elementor-element-24b0d30\" data-id=\"24b0d30\" data-element_type=\"column\">\n\t\t\t<div class=\"elementor-widget-wrap elementor-element-populated\">\n\t\t\t\t\t\t<div class=\"elementor-element elementor-element-73fac15 elementor-align-center elementor-widget elementor-widget-button\" data-id=\"73fac15\" data-element_type=\"widget\" data-widget_type=\"button.default\">\n\t\t\t\t<div class=\"elementor-widget-container\">\n\t\t\t\t\t\t\t<div class=\"elementor-button-wrapper\">\n\t\t\t\t\t<a class=\"elementor-button elementor-button-link elementor-size-sm\" href=\"https:\/\/henry.idcohorts.net\/wp-content\/uploads\/2023\/05\/HEnRY_Neomilk_V47_28-4-2023.zip\">\n\t\t\t\t\t\t<span class=\"elementor-button-content-wrapper\">\n\t\t\t\t\t\t<span class=\"elementor-button-icon\">\n\t\t\t\t<i aria-hidden=\"true\" class=\"fas fa-download\"><\/i>\t\t\t<\/span>\n\t\t\t\t\t\t\t\t\t<span class=\"elementor-button-text\">HEnRY NeoMILK Setup Download<\/span>\n\t\t\t\t\t<\/span>\n\t\t\t\t\t<\/a>\n\t\t\t\t<\/div>\n\t\t\t\t\t\t<\/div>\n\t\t\t\t<\/div>\n\t\t\t\t<div class=\"elementor-element elementor-element-4546f93 elementor-widget__width-inherit elementor-hidden-desktop elementor-widget elementor-widget-image\" data-id=\"4546f93\" data-element_type=\"widget\" data-widget_type=\"image.default\">\n\t\t\t\t<div class=\"elementor-widget-container\">\n\t\t\t\t\t\t\t\t\t\t\t\t\t<img decoding=\"async\" src=\"https:\/\/henry.idcohorts.net\/wp-content\/uploads\/elementor\/thumbs\/Logo_Neo-Milk_rgb_1000px-pnmumelxozswgoqgbf2k2usr3fs9knihlykwoc724a.png\" title=\"Logo_Neo-Milk_rgb_1000px\" alt=\"Logo_Neo-Milk_rgb_1000px\" loading=\"lazy\" \/>\t\t\t\t\t\t\t\t\t\t\t\t\t<\/div>\n\t\t\t\t<\/div>\n\t\t\t\t<div class=\"elementor-element elementor-element-5f9d887 elementor-widget elementor-widget-heading\" data-id=\"5f9d887\" data-element_type=\"widget\" data-widget_type=\"heading.default\">\n\t\t\t\t<div class=\"elementor-widget-container\">\n\t\t\t<h2 class=\"elementor-heading-title elementor-size-default\">HEnRY Neo-Milk<\/h2>\t\t<\/div>\n\t\t\t\t<\/div>\n\t\t\t\t<div class=\"elementor-element elementor-element-0c83b62 elementor-widget elementor-widget-text-editor\" data-id=\"0c83b62\" data-element_type=\"widget\" data-widget_type=\"text-editor.default\">\n\t\t\t\t<div class=\"elementor-widget-container\">\n\t\t\t\t\t\t\t<p>Das Projekt Neo-Milk ist ein vom Gemeinsamen Bundesausschuss gef\u00f6rdertes wissenschaftliches Projekt, welches das Ziel verfolgt, die Stillf\u00f6rderung auf neonatologischen Intensivstationen zu verbessern und gleichzeitig in den Kliniken Humanmilchbanken aufzubauen. Hierdurch soll gew\u00e4hrleistet werden, dass langfristig alle Fr\u00fchgeborenen Zugang zu Muttermilch und wenn dies nicht m\u00f6glich ist, zu Spenderinnenmilch erhalten.\u00a0<\/p><p>Die Errichtung der Humanmilchbanken erfolgt auf Basis der erstellten Standards (rechtlich, infektiologisch und hygienisch). Hierbei ein wichtiger Punkt ist die Dokumentation der gespendeten und verabreichten Milch. Um die Kliniken hierin zu unterst\u00fctzen wird gemeinsam mit dem HEnRY Team eine HEnRY Version aktuell entwickelt, die alle rechtlichen Vorgaben erf\u00fcllt und gleichzeitig an die Bed\u00fcrfnisse der Praxis angepasst ist.<\/p><p><em>Text mit freundlicher Genehmigung von Priv.-Doz. Dr. Nadine Scholten<\/em><\/p><p>Die Neo-MILk Homepage ist unter: <a href=\"http:\/\/www.neo-milk.de\">www.neo-milk.de<\/a> zu finden.<\/p><div class=\"mx_EventTile_line\"><div class=\"mx_MTextBody mx_EventTile_content\"><span class=\"mx_EventTile_body\" dir=\"auto\">Weitere Informationen finden Sie unter:\u00a0<\/span><\/div><p>1. <a href=\"https:\/\/innovationsfonds.g-ba.de\/projekte\/neue-versorgungsformen\/neo-milk-muttermilchbanken-implementierung-und-foerderung-der-laktation-auf-deutschen-neonatologischen-intensivstationen.376\">https:\/\/innovationsfonds.g-ba.de\/projekte\/neue-versorgungsformen\/neo-milk-muttermilchbanken-implementierung-und-foerderung-der-laktation-auf-deutschen-neonatologischen-intensivstationen.376<\/a><\/p><p>2. <a href=\"https:\/\/medfak.uni-koeln.de\/service\/pressemitteilungen\/forschung-zu-stillfoerderung-und-muttermilchbanken-1\">https:\/\/medfak.uni-koeln.de\/service\/pressemitteilungen\/forschung-zu-stillfoerderung-und-muttermilchbanken-1<\/a><\/p><\/div>\t\t\t\t\t\t<\/div>\n\t\t\t\t<\/div>\n\t\t\t\t<div class=\"elementor-element elementor-element-35c135c elementor-widget elementor-widget-spacer\" data-id=\"35c135c\" data-element_type=\"widget\" data-widget_type=\"spacer.default\">\n\t\t\t\t<div class=\"elementor-widget-container\">\n\t\t\t\t\t<div class=\"elementor-spacer\">\n\t\t\t<div class=\"elementor-spacer-inner\"><\/div>\n\t\t<\/div>\n\t\t\t\t<\/div>\n\t\t\t\t<\/div>\n\t\t\t\t<div class=\"elementor-element elementor-element-7685ada elementor-pagination-position-outside elementor-widget elementor-widget-image-carousel\" data-id=\"7685ada\" data-element_type=\"widget\" data-settings=\"{&quot;slides_to_show&quot;:&quot;1&quot;,&quot;autoplay&quot;:&quot;no&quot;,&quot;navigation&quot;:&quot;dots&quot;,&quot;infinite&quot;:&quot;yes&quot;,&quot;effect&quot;:&quot;slide&quot;,&quot;speed&quot;:500}\" data-widget_type=\"image-carousel.default\">\n\t\t\t\t<div class=\"elementor-widget-container\">\n\t\t\t\t\t<div class=\"elementor-image-carousel-wrapper swiper\" dir=\"ltr\">\n\t\t\t<div class=\"elementor-image-carousel swiper-wrapper\" aria-live=\"polite\">\n\t\t\t\t\t\t\t\t<div class=\"swiper-slide\" role=\"group\" aria-roledescription=\"slide\" aria-label=\"1 von 2\"><a data-elementor-open-lightbox=\"yes\" data-elementor-lightbox-slideshow=\"7685ada\" data-e-action-hash=\"#elementor-action%3Aaction%3Dlightbox%26settings%3DeyJpZCI6MTc3OTAsInVybCI6Imh0dHBzOlwvXC9oZW5yeS5pZGNvaG9ydHMubmV0XC93cC1jb250ZW50XC91cGxvYWRzXC8yMDIyXC8xMVwvSGVucnktTmVvTUlMS18xLmpwZyIsInNsaWRlc2hvdyI6Ijc2ODVhZGEifQ%3D%3D\" href=\"https:\/\/henry.idcohorts.net\/wp-content\/uploads\/2022\/11\/Henry-NeoMILK_1.jpg\"><figure class=\"swiper-slide-inner\"><img decoding=\"async\" class=\"swiper-slide-image\" src=\"https:\/\/henry.idcohorts.net\/wp-content\/uploads\/2022\/11\/Henry-NeoMILK_1-1536x1088.jpg\" alt=\"Henry NeoMILK_1\" \/><\/figure><\/a><\/div><div class=\"swiper-slide\" role=\"group\" aria-roledescription=\"slide\" aria-label=\"2 von 2\"><a data-elementor-open-lightbox=\"yes\" data-elementor-lightbox-slideshow=\"7685ada\" data-e-action-hash=\"#elementor-action%3Aaction%3Dlightbox%26settings%3DeyJpZCI6MTc3OTEsInVybCI6Imh0dHBzOlwvXC9oZW5yeS5pZGNvaG9ydHMubmV0XC93cC1jb250ZW50XC91cGxvYWRzXC8yMDIyXC8xMVwvSGVucnktTmVvTUlMS18yLmpwZyIsInNsaWRlc2hvdyI6Ijc2ODVhZGEifQ%3D%3D\" href=\"https:\/\/henry.idcohorts.net\/wp-content\/uploads\/2022\/11\/Henry-NeoMILK_2.jpg\"><figure class=\"swiper-slide-inner\"><img decoding=\"async\" class=\"swiper-slide-image\" src=\"https:\/\/henry.idcohorts.net\/wp-content\/uploads\/2022\/11\/Henry-NeoMILK_2-1536x1088.jpg\" alt=\"Henry NeoMILK_2\" \/><\/figure><\/a><\/div>\t\t\t<\/div>\n\t\t\t\t\t\t\t\n\t\t\t\t\t\t\t\t\t<div class=\"swiper-pagination\"><\/div>\n\t\t\t\t\t\t\t\t\t<\/div>\n\t\t\t\t<\/div>\n\t\t\t\t<\/div>\n\t\t\t\t<div class=\"elementor-element elementor-element-4822a92 elementor-align-center elementor-widget elementor-widget-button\" data-id=\"4822a92\" data-element_type=\"widget\" data-widget_type=\"button.default\">\n\t\t\t\t<div class=\"elementor-widget-container\">\n\t\t\t\t\t\t\t<div class=\"elementor-button-wrapper\">\n\t\t\t\t\t<a class=\"elementor-button elementor-button-link elementor-size-sm\" href=\"https:\/\/henry.idcohorts.net\/wp-content\/uploads\/2022\/11\/Henry-NeoMILK.pdf\">\n\t\t\t\t\t\t<span class=\"elementor-button-content-wrapper\">\n\t\t\t\t\t\t<span class=\"elementor-button-icon\">\n\t\t\t\t<i aria-hidden=\"true\" class=\"fas fa-file-download\"><\/i>\t\t\t<\/span>\n\t\t\t\t\t\t\t\t\t<span class=\"elementor-button-text\">Flyer Herunterladen<\/span>\n\t\t\t\t\t<\/span>\n\t\t\t\t\t<\/a>\n\t\t\t\t<\/div>\n\t\t\t\t\t\t<\/div>\n\t\t\t\t<\/div>\n\t\t\t\t<div class=\"elementor-element elementor-element-1f313c8 elementor-align-center elementor-widget elementor-widget-button\" data-id=\"1f313c8\" data-element_type=\"widget\" data-widget_type=\"button.default\">\n\t\t\t\t<div class=\"elementor-widget-container\">\n\t\t\t\t\t\t\t<div class=\"elementor-button-wrapper\">\n\t\t\t\t\t<a class=\"elementor-button elementor-button-link elementor-size-sm\" href=\"https:\/\/henry.idcohorts.net\/wp-content\/uploads\/2022\/11\/Installationsanleitung-HEnRY_deutsch_SH.docx\">\n\t\t\t\t\t\t<span class=\"elementor-button-content-wrapper\">\n\t\t\t\t\t\t<span class=\"elementor-button-icon\">\n\t\t\t\t<i aria-hidden=\"true\" class=\"fas fa-file-download\"><\/i>\t\t\t<\/span>\n\t\t\t\t\t\t\t\t\t<span class=\"elementor-button-text\">Installationsanleitung<\/span>\n\t\t\t\t\t<\/span>\n\t\t\t\t\t<\/a>\n\t\t\t\t<\/div>\n\t\t\t\t\t\t<\/div>\n\t\t\t\t<\/div>\n\t\t\t\t<div class=\"elementor-element elementor-element-9d3215e elementor-align-center elementor-widget elementor-widget-button\" data-id=\"9d3215e\" data-element_type=\"widget\" data-widget_type=\"button.default\">\n\t\t\t\t<div class=\"elementor-widget-container\">\n\t\t\t\t\t\t\t<div class=\"elementor-button-wrapper\">\n\t\t\t\t\t<a class=\"elementor-button elementor-button-link elementor-size-sm\" href=\"https:\/\/henry.idcohorts.net\/wp-content\/uploads\/2023\/05\/Schulung_HEnRY_Mai2023.zip\">\n\t\t\t\t\t\t<span class=\"elementor-button-content-wrapper\">\n\t\t\t\t\t\t<span class=\"elementor-button-icon\">\n\t\t\t\t<i aria-hidden=\"true\" class=\"fas fa-download\"><\/i>\t\t\t<\/span>\n\t\t\t\t\t\t\t\t\t<span class=\"elementor-button-text\">HEnRY NeoMILK Schulung<\/span>\n\t\t\t\t\t<\/span>\n\t\t\t\t\t<\/a>\n\t\t\t\t<\/div>\n\t\t\t\t\t\t<\/div>\n\t\t\t\t<\/div>\n\t\t\t\t<div class=\"elementor-element elementor-element-ae2c2bc elementor-widget elementor-widget-text-editor\" data-id=\"ae2c2bc\" data-element_type=\"widget\" data-widget_type=\"text-editor.default\">\n\t\t\t\t<div class=\"elementor-widget-container\">\n\t\t\t\t\t\t\t<p style=\"text-align: center;\">Hier finden Sie die Unterlagen f\u00fcr die Schulung. Dass Passwort k\u00f6nnen Sie bei Frau Scholten (<a href=\"mailto:nadine.scholten@uk-koeln.de\">nadine.scholten@uk-koeln.de<\/a>) anfragen.<\/p>\t\t\t\t\t\t<\/div>\n\t\t\t\t<\/div>\n\t\t\t\t<div class=\"elementor-element elementor-element-b453283 elementor-widget elementor-widget-spacer\" data-id=\"b453283\" data-element_type=\"widget\" data-widget_type=\"spacer.default\">\n\t\t\t\t<div class=\"elementor-widget-container\">\n\t\t\t\t\t<div class=\"elementor-spacer\">\n\t\t\t<div class=\"elementor-spacer-inner\"><\/div>\n\t\t<\/div>\n\t\t\t\t<\/div>\n\t\t\t\t<\/div>\n\t\t\t\t\t<\/div>\n\t\t<\/div>\n\t\t\t\t\t<\/div>\n\t\t<\/section>\n\t\t\t\t\t<\/div>\n\t\t<\/div>\n\t\t\t\t\t<\/div>\n\t\t<\/section>\n\t\t\t\t<\/div>\n\t\t","protected":false},"excerpt":{"rendered":"<p>HEnRY NeoMILK Setup Download HEnRY Neo-Milk Das Projekt Neo-Milk ist ein vom Gemeinsamen Bundesausschuss gef\u00f6rdertes wissenschaftliches Projekt, welches das Ziel verfolgt, die Stillf\u00f6rderung auf neonatologischen Intensivstationen zu verbessern und gleichzeitig in den Kliniken Humanmilchbanken aufzubauen. Hierdurch soll gew\u00e4hrleistet werden, dass langfristig alle Fr\u00fchgeborenen Zugang zu Muttermilch und wenn dies nicht m\u00f6glich ist, zu Spenderinnenmilch erhalten.\u00a0&#8230;<\/p>\n","protected":false},"author":1,"featured_media":0,"parent":0,"menu_order":0,"comment_status":"closed","ping_status":"closed","template":"","meta":{"footnotes":""},"class_list":["post-17733","page","type-page","status-publish","hentry","no-post-thumbnail"],"aioseo_notices":[],"_links":{"self":[{"href":"https:\/\/henry.idcohorts.net\/de\/wp-json\/wp\/v2\/pages\/17733","targetHints":{"allow":["GET"]}}],"collection":[{"href":"https:\/\/henry.idcohorts.net\/de\/wp-json\/wp\/v2\/pages"}],"about":[{"href":"https:\/\/henry.idcohorts.net\/de\/wp-json\/wp\/v2\/types\/page"}],"author":[{"embeddable":true,"href":"https:\/\/henry.idcohorts.net\/de\/wp-json\/wp\/v2\/users\/1"}],"replies":[{"embeddable":true,"href":"https:\/\/henry.idcohorts.net\/de\/wp-json\/wp\/v2\/comments?post=17733"}],"version-history":[{"count":98,"href":"https:\/\/henry.idcohorts.net\/de\/wp-json\/wp\/v2\/pages\/17733\/revisions"}],"predecessor-version":[{"id":17954,"href":"https:\/\/henry.idcohorts.net\/de\/wp-json\/wp\/v2\/pages\/17733\/revisions\/17954"}],"wp:attachment":[{"href":"https:\/\/henry.idcohorts.net\/de\/wp-json\/wp\/v2\/media?parent=17733"}],"curies":[{"name":"wp","href":"https:\/\/api.w.org\/{rel}","templated":true}]}}