{"id":14215,"date":"2021-11-16T13:06:57","date_gmt":"2021-11-16T13:06:57","guid":{"rendered":"https:\/\/henry.idcohorts.net\/?page_id=14215"},"modified":"2022-06-23T06:48:25","modified_gmt":"2022-06-23T06:48:25","slug":"datenschutzerklaerung","status":"publish","type":"page","link":"https:\/\/henry.idcohorts.net\/de\/datenschutzerklaerung\/","title":{"rendered":"Datenschutzerkl\u00e4rung"},"content":{"rendered":"\t\t<div data-elementor-type=\"wp-page\" data-elementor-id=\"14215\" class=\"elementor elementor-14215\">\n\t\t\t\t\t\t<section class=\"elementor-section elementor-top-section elementor-element elementor-element-69067ca1 elementor-section-boxed elementor-section-height-default elementor-section-height-default\" data-id=\"69067ca1\" data-element_type=\"section\">\n\t\t\t\t\t\t<div class=\"elementor-container elementor-column-gap-default\">\n\t\t\t\t\t<div class=\"elementor-column elementor-col-100 elementor-top-column elementor-element elementor-element-6214e0cb\" data-id=\"6214e0cb\" data-element_type=\"column\">\n\t\t\t<div class=\"elementor-widget-wrap elementor-element-populated\">\n\t\t\t\t\t\t<div class=\"elementor-element elementor-element-d9f4975 elementor-widget elementor-widget-spacer\" data-id=\"d9f4975\" data-element_type=\"widget\" data-widget_type=\"spacer.default\">\n\t\t\t\t<div class=\"elementor-widget-container\">\n\t\t\t\t\t<div class=\"elementor-spacer\">\n\t\t\t<div class=\"elementor-spacer-inner\"><\/div>\n\t\t<\/div>\n\t\t\t\t<\/div>\n\t\t\t\t<\/div>\n\t\t\t\t<div class=\"elementor-element elementor-element-766a04fe elementor-widget elementor-widget-text-editor\" data-id=\"766a04fe\" data-element_type=\"widget\" data-widget_type=\"text-editor.default\">\n\t\t\t\t<div class=\"elementor-widget-container\">\n\t\t\t\t\t\t\t<p align=\"left\">Vielen Dank f\u00fcr Ihr Interesse an unserer Website (<a class=\"linkified\" href=\"https:\/\/henry.idcohorts.net\/de\/\" target=\"_blank\" rel=\"noreferrer noopener\">https:\/\/henry.idcohorts.net\/de\/<\/a>). Wir betreiben die Website zum Zweck der Bereitstellung des Setups und von hilfreichen Informationen. F\u00fcr externe Links zu fremden Inhalten k\u00f6nnen wir dabei trotz sorgf\u00e4ltiger inhaltlicher Kontrolle keine Haftung \u00fcbernehmen.<\/p><p align=\"left\">Der Schutz Ihrer personenbezogenen Daten bei der Erhebung, Verarbeitung und Nutzung anl\u00e4sslich Ihres Besuchs auf unserer Website ist uns ein wichtiges Anliegen. Ihre Daten werden im Rahmen der gesetzlichen Vorschriften gesch\u00fctzt.<\/p><h4 align=\"left\">Name und Anschrift des Verantwortlichen<\/h4><p align=\"left\">Der Verantwortliche im Sinne der Datenschutz-Grundverordnung und anderer nationaler Datenschutzgesetze der Mitgliedsstaaten der EU sowie sonstiger datenschutzrechtlicher Bestimmungen ist:<\/p><address>Prof. Dr. med. J\u00f6rg-Janne Vehreschild<\/address><address>Herderstra\u00dfe 52-54<br \/>50931 K\u00f6ln<br \/>Telefon: +49 221 47886973<br \/>Telefax: +49 221 4783611<br \/>E-Mail:\u00a0<a href=\"mailto:joerg-janne.vehreschild@uk-koeln.de\">joerg-janne.vehreschild@uk-koeln.de<\/a><\/address><p align=\"left\">Nachfolgend finden Sie Informationen, welche Daten w\u00e4hrend Ihres Besuchs auf der Website erfasst und wie diese genutzt werden:<\/p><h4 align=\"left\">Nutzung und Weitergabe personenbezogener Daten<\/h4><p align=\"left\">Soweit Sie uns personenbezogene Daten zur Verf\u00fcgung gestellt haben, verwenden wir diese nur zur Beantwortung Ihrer Anfragen, zur Abwicklung mit Ihnen geschlossener Vertr\u00e4ge und f\u00fcr die technische Administration. Sie haben das Recht, eine erteilte Einwilligung mit Wirkung f\u00fcr die Zukunft jederzeit zu widerrufen. Die L\u00f6schung der gespeicherten personenbezogenen Daten erfolgt unverz\u00fcglich, wenn Sie Ihre Einwilligung zur Speicherung widerrufen, wenn ihre Kenntnis zur Erf\u00fcllung des mit der Speicherung verfolgten Zwecks nicht mehr erforderlich ist oder wenn ihre Speicherung aus sonstigen gesetzlichen Gr\u00fcnden unzul\u00e4ssig ist.<\/p><h4 align=\"left\">Auskunftsrecht<\/h4><p align=\"left\">Auf schriftliche Anfrage werden wir Sie gern \u00fcber die zu Ihrer Person gespeicherten Daten informieren. Sicherheitshinweis: Ihre personenbezogenen Daten werden durch Ergreifung aller technischen und organisatorischen M\u00f6glichkeiten so gespeichert, dass sie f\u00fcr Dritte nicht zug\u00e4nglich sind.<\/p><h4 align=\"left\">Aktualit\u00e4t und \u00c4nderung dieser Datenschutzerkl\u00e4rung<\/h4><p align=\"left\">Diese Datenschutzerkl\u00e4rung ist aktuell g\u00fcltig und hat den Stand Juni 2018. Durch die Weiterentwicklung unserer Website und Angebote dar\u00fcber oder aufgrund ge\u00e4nderter gesetzlicher beziehungsweise beh\u00f6rdlicher Vorgaben kann es notwendig werden, diese Datenschutzerkl\u00e4rung zu \u00e4ndern. Die jeweils aktuelle Datenschutzerkl\u00e4rung kann jederzeit auf unserer Website unter http:\/\/tp-hiv.de\/ von Ihnen abgerufen und ausgedruckt werden. F\u00fcr Ihren n\u00e4chsten Besuch gilt automatisch die neue Datenschutzerkl\u00e4rung.<\/p><p align=\"left\">Die Datenschutzfolgeabsch\u00e4tzung der Uniklinik K\u00f6ln kann \u00fcber den Kontakt angefragt werden<\/p>\t\t\t\t\t\t<\/div>\n\t\t\t\t<\/div>\n\t\t\t\t\t<\/div>\n\t\t<\/div>\n\t\t\t\t\t<\/div>\n\t\t<\/section>\n\t\t\t\t<\/div>\n\t\t","protected":false},"excerpt":{"rendered":"<p>Vielen Dank f\u00fcr Ihr Interesse an unserer Website (https:\/\/henry.idcohorts.net\/de\/). Wir betreiben die Website zum Zweck der Bereitstellung des Setups und von hilfreichen Informationen. F\u00fcr externe Links zu fremden Inhalten k\u00f6nnen wir dabei trotz sorgf\u00e4ltiger inhaltlicher Kontrolle keine Haftung \u00fcbernehmen. Der Schutz Ihrer personenbezogenen Daten bei der Erhebung, Verarbeitung und Nutzung anl\u00e4sslich Ihres Besuchs auf unserer&#8230;<\/p>\n","protected":false},"author":1,"featured_media":0,"parent":0,"menu_order":0,"comment_status":"closed","ping_status":"closed","template":"elementor_theme","meta":{"footnotes":""},"class_list":["post-14215","page","type-page","status-publish","hentry","no-post-thumbnail"],"aioseo_notices":[],"_links":{"self":[{"href":"https:\/\/henry.idcohorts.net\/de\/wp-json\/wp\/v2\/pages\/14215","targetHints":{"allow":["GET"]}}],"collection":[{"href":"https:\/\/henry.idcohorts.net\/de\/wp-json\/wp\/v2\/pages"}],"about":[{"href":"https:\/\/henry.idcohorts.net\/de\/wp-json\/wp\/v2\/types\/page"}],"author":[{"embeddable":true,"href":"https:\/\/henry.idcohorts.net\/de\/wp-json\/wp\/v2\/users\/1"}],"replies":[{"embeddable":true,"href":"https:\/\/henry.idcohorts.net\/de\/wp-json\/wp\/v2\/comments?post=14215"}],"version-history":[{"count":35,"href":"https:\/\/henry.idcohorts.net\/de\/wp-json\/wp\/v2\/pages\/14215\/revisions"}],"predecessor-version":[{"id":17588,"href":"https:\/\/henry.idcohorts.net\/de\/wp-json\/wp\/v2\/pages\/14215\/revisions\/17588"}],"wp:attachment":[{"href":"https:\/\/henry.idcohorts.net\/de\/wp-json\/wp\/v2\/media?parent=14215"}],"curies":[{"name":"wp","href":"https:\/\/api.w.org\/{rel}","templated":true}]}}