{"id":17059,"date":"2022-02-03T08:27:26","date_gmt":"2022-02-03T08:27:26","guid":{"rendered":"https:\/\/henry.idcohorts.net\/?page_id=17059"},"modified":"2023-10-06T09:22:12","modified_gmt":"2023-10-06T09:22:12","slug":"veroeffentlichung","status":"publish","type":"page","link":"http:\/\/henry.idcohorts.net\/en\/veroeffentlichung\/","title":{"rendered":"Ver\u00f6ffentlichungen"},"content":{"rendered":"<div data-elementor-type=\"wp-page\" data-elementor-id=\"17059\" class=\"elementor elementor-17059\">\n\t\t\t\t\t\t<section class=\"elementor-section elementor-top-section elementor-element elementor-element-cc97805 elementor-section-boxed elementor-section-height-default elementor-section-height-default\" data-id=\"cc97805\" data-element_type=\"section\">\n\t\t\t\t\t\t<div class=\"elementor-container elementor-column-gap-default\">\n\t\t\t\t\t<div class=\"elementor-column elementor-col-100 elementor-top-column elementor-element elementor-element-7cf8a85\" data-id=\"7cf8a85\" data-element_type=\"column\">\n\t\t\t<div class=\"elementor-widget-wrap elementor-element-populated\">\n\t\t\t\t\t\t<div class=\"elementor-element elementor-element-6bf4d9d elementor-widget elementor-widget-spacer\" data-id=\"6bf4d9d\" data-element_type=\"widget\" data-widget_type=\"spacer.default\">\n\t\t\t\t<div class=\"elementor-widget-container\">\n\t\t\t\t\t<div class=\"elementor-spacer\">\n\t\t\t<div class=\"elementor-spacer-inner\"><\/div>\n\t\t<\/div>\n\t\t\t\t<\/div>\n\t\t\t\t<\/div>\n\t\t\t\t<section class=\"elementor-section elementor-inner-section elementor-element elementor-element-714b866 elementor-section-boxed elementor-section-height-default elementor-section-height-default\" data-id=\"714b866\" data-element_type=\"section\">\n\t\t\t\t\t\t<div class=\"elementor-container elementor-column-gap-default\">\n\t\t\t\t\t<div class=\"elementor-column elementor-col-100 elementor-inner-column elementor-element elementor-element-5812065\" data-id=\"5812065\" data-element_type=\"column\">\n\t\t\t<div class=\"elementor-widget-wrap elementor-element-populated\">\n\t\t\t\t\t\t<div class=\"elementor-element elementor-element-767478b elementor-widget elementor-widget-heading\" data-id=\"767478b\" data-element_type=\"widget\" data-widget_type=\"heading.default\">\n\t\t\t\t<div class=\"elementor-widget-container\">\n\t\t\t<h2 class=\"elementor-heading-title elementor-size-default\"><span style=\", sans-serif;font-size: 16px;white-space: normal\"> Paper <\/span><\/h2>\t\t<\/div>\n\t\t\t\t<\/div>\n\t\t\t\t<div class=\"elementor-element elementor-element-3010d23 elementor-widget elementor-widget-text-editor\" data-id=\"3010d23\" data-element_type=\"widget\" data-widget_type=\"text-editor.default\">\n\t\t\t\t<div class=\"elementor-widget-container\">\n\t\t\t\t\t\t\t<ul><li class=\"mx_EventTile mx_EventTile_continuation mx_EventTile_lastInSection\" tabindex=\"-1\" aria-atomic=\"true\" data-scroll-tokens=\"$cKv0IW-Lr05J5xaw9O7UdlFo0mKQGT5-j4CdDqBlAR0\" data-layout=\"group\" data-self=\"false\" data-has-reply=\"false\"><div class=\"mx_EventTile_line\"><div class=\"mx_MTextBody mx_EventTile_content\"><span class=\"mx_EventTile_body\" dir=\"auto\">HEnRY: a DZIF LIMS tool for the collection and documentation of biomaterials in multicentre studies S. Heinen, N. Schulze, B. Franke, F. Klein, C. Lehmann, M. J. G. T. Vehreschild, C. Gloistein, M. Stecher &amp; J. J. Vehreschild BMC Bioinformatics, Software, Volume 21, Article number: 290 (2020)\u00a0<\/span><\/div><div><a href=\"https:\/\/bmcbioinformatics.biomedcentral.com\/articles\/10.1186\/s12859-020-03596-1\">https:\/\/bmcbioinformatics.biomedcentral.com\/articles\/10.1186\/s12859-020-03596-1<\/a><\/div><\/div><\/li><\/ul>\t\t\t\t\t\t<\/div>\n\t\t\t\t<\/div>\n\t\t\t\t\t<\/div>\n\t\t<\/div>\n\t\t\t\t\t<\/div>\n\t\t<\/section>\n\t\t\t\t<section class=\"elementor-section elementor-inner-section elementor-element elementor-element-8a1a4c7 elementor-section-boxed elementor-section-height-default elementor-section-height-default\" data-id=\"8a1a4c7\" data-element_type=\"section\">\n\t\t\t\t\t\t<div class=\"elementor-container elementor-column-gap-default\">\n\t\t\t\t\t<div class=\"elementor-column elementor-col-100 elementor-inner-column elementor-element elementor-element-7ebe4d1\" data-id=\"7ebe4d1\" data-element_type=\"column\">\n\t\t\t<div class=\"elementor-widget-wrap elementor-element-populated\">\n\t\t\t\t\t\t<div class=\"elementor-element elementor-element-708f278 elementor-widget elementor-widget-heading\" data-id=\"708f278\" data-element_type=\"widget\" data-widget_type=\"heading.default\">\n\t\t\t\t<div class=\"elementor-widget-container\">\n\t\t\t<h2 class=\"elementor-heading-title elementor-size-default\"><span style=\", sans-serif;font-size: 16px;white-space: normal\">Abstracts<\/span><\/h2>\t\t<\/div>\n\t\t\t\t<\/div>\n\t\t\t\t<div class=\"elementor-element elementor-element-dddb5f0 elementor-widget elementor-widget-text-editor\" data-id=\"dddb5f0\" data-element_type=\"widget\" data-widget_type=\"text-editor.default\">\n\t\t\t\t<div class=\"elementor-widget-container\">\n\t\t\t\t\t\t\t<ul><li>\u201eWhole blood gene expression signatures define disease severity in extrapulmonary tuberculosis \u2013 implications for transcriptomics based biomarkers \u201c, I. Su\u00e1rez et al., DZIF Jahrestagung 2023<\/li><li>S. Heinen, N. Schulze, B. Franke, F. Klein, C. Lehmann, M. Stecher, J. J. Vehreschild: \u201eA DZIF LIMS and Biobanking Tool for the Collection and Documentation of Biosamples with focus on Multi-Centre Studies: HEnRY\u201d, KIT 2020; 15. Kongress f\u00fcr Infektionskrankheiten und Tropenmedizin; Abstract Book;\u00a0 Seite 82\/83\u00a0 (<a href=\"https:\/\/www.kit2020.de\/assets\/kit2020_book_of_abstracts_lr.pdf\" target=\"_blank\" rel=\"noopener\">https:\/\/www.kit2020.de\/assets\/kit2020_book_of_abstracts_lr.pdf<\/a>)<\/li><\/ul>\t\t\t\t\t\t<\/div>\n\t\t\t\t<\/div>\n\t\t\t\t\t<\/div>\n\t\t<\/div>\n\t\t\t\t\t<\/div>\n\t\t<\/section>\n\t\t\t\t<section class=\"elementor-section elementor-inner-section elementor-element elementor-element-94d3a6d elementor-section-boxed elementor-section-height-default elementor-section-height-default\" data-id=\"94d3a6d\" data-element_type=\"section\">\n\t\t\t\t\t\t<div class=\"elementor-container elementor-column-gap-default\">\n\t\t\t\t\t<div class=\"elementor-column elementor-col-100 elementor-inner-column elementor-element elementor-element-2a1c1ad\" data-id=\"2a1c1ad\" data-element_type=\"column\">\n\t\t\t<div class=\"elementor-widget-wrap elementor-element-populated\">\n\t\t\t\t\t\t<div class=\"elementor-element elementor-element-6bfee3a elementor-widget elementor-widget-heading\" data-id=\"6bfee3a\" data-element_type=\"widget\" data-widget_type=\"heading.default\">\n\t\t\t\t<div class=\"elementor-widget-container\">\n\t\t\t<h2 class=\"elementor-heading-title elementor-size-default\"><span style=\", sans-serif;font-size: 16px;white-space: normal\">Vortr\u00e4ge<\/span><\/h2>\t\t<\/div>\n\t\t\t\t<\/div>\n\t\t\t\t<div class=\"elementor-element elementor-element-c506070 elementor-widget elementor-widget-text-editor\" data-id=\"c506070\" data-element_type=\"widget\" data-widget_type=\"text-editor.default\">\n\t\t\t\t<div class=\"elementor-widget-container\">\n\t\t\t\t\t\t\t<ul><li class=\"mx_EventTile mx_EventTile_continuation\" tabindex=\"-1\" aria-live=\"off\" aria-atomic=\"true\" data-scroll-tokens=\"$5A1UgeAg7c1wnXZYb16eaoaJW6DQjOaVcKGenYuAXmQ\" data-layout=\"group\" data-self=\"false\" data-event-id=\"$5A1UgeAg7c1wnXZYb16eaoaJW6DQjOaVcKGenYuAXmQ\" data-has-reply=\"false\"><div class=\"mx_EventTile_line\"><div>M. Brechtel, S. Heinen, B. Franke, J. Vehreschild &#8220;HEnRY: A Flexible Biobanking Tool&#8221;, BBMRI\/ESBB Europe Biobank Week Roadshow, 2023, Innsbruck<\/div><\/div><\/li><li class=\"mx_EventTile mx_EventTile_continuation\" tabindex=\"-1\" aria-live=\"off\" aria-atomic=\"true\" data-scroll-tokens=\"$5A1UgeAg7c1wnXZYb16eaoaJW6DQjOaVcKGenYuAXmQ\" data-layout=\"group\" data-self=\"false\" data-event-id=\"$5A1UgeAg7c1wnXZYb16eaoaJW6DQjOaVcKGenYuAXmQ\" data-has-reply=\"false\"><div><span style=\"letter-spacing: 0px;\">P. G\u00f6del, S. Heinen, &#8220;\u00dcberblick \u00fcber Biobank Information Management Systeme in GBA and beyond&#8221;, German Biobank Alliance (GBA) Webinar, September 2022<\/span><\/div><\/li><li>M. Stecher, A. Jablonka, C. Lehmann, H. Holst, B. Gunsenheimer-Bartmeyer, S. Heinen, G. F\u00e4tkenheuer, O. Degen, R. Draenert, J. Bogner, J. Rockstroh, H. Jessen, S. Scholten, C. Wyen, N. Postel, G. Behrens, J.-J. Vehreschild, on behalf of the TopHIV Study Group. Translational Platform HIV: Implementation of the Treatment of Primary HIV Cohort. DZIF Meeting 2016, Cologne, Germany.<\/li><li>M. Stecher, A. Jablonka, C. Lehmann, H. Holst, B. Gunsenheimer-Bartmeyer, S. Heinen, G. F\u00e4tkenheuer, R. Draenert, J. Rockstroh, H. Jessen, S. Scholten, C. Wyen, N. Postel, J. Stellbrink, P. Ingiliz, R. Pauli, G. Behrens, J.-J. Vehreschild, on behalf of the TopHIVStudy Group. TranslationalPlatformHIV: One year Treatment of primary HIV infection. D\u00d6AK 2017, Salzburg, \u00d6sterreich.<\/li><\/ul>\t\t\t\t\t\t<\/div>\n\t\t\t\t<\/div>\n\t\t\t\t\t<\/div>\n\t\t<\/div>\n\t\t\t\t\t<\/div>\n\t\t<\/section>\n\t\t\t\t<section class=\"elementor-section elementor-inner-section elementor-element elementor-element-0513fc2 elementor-section-boxed elementor-section-height-default elementor-section-height-default\" data-id=\"0513fc2\" data-element_type=\"section\">\n\t\t\t\t\t\t<div class=\"elementor-container elementor-column-gap-default\">\n\t\t\t\t\t<div class=\"elementor-column elementor-col-100 elementor-inner-column elementor-element elementor-element-e26f7e6\" data-id=\"e26f7e6\" data-element_type=\"column\">\n\t\t\t<div class=\"elementor-widget-wrap elementor-element-populated\">\n\t\t\t\t\t\t<div class=\"elementor-element elementor-element-4942b55 elementor-widget elementor-widget-heading\" data-id=\"4942b55\" data-element_type=\"widget\" data-widget_type=\"heading.default\">\n\t\t\t\t<div class=\"elementor-widget-container\">\n\t\t\t<h2 class=\"elementor-heading-title elementor-size-default\"><span style=\", sans-serif;font-size: 16px;white-space: normal\">Poster<\/span><\/h2>\t\t<\/div>\n\t\t\t\t<\/div>\n\t\t\t\t<div class=\"elementor-element elementor-element-31429f3 elementor-widget elementor-widget-text-editor\" data-id=\"31429f3\" data-element_type=\"widget\" data-widget_type=\"text-editor.default\">\n\t\t\t\t<div class=\"elementor-widget-container\">\n\t\t\t\t\t\t\t<ul><li>S. Heinen, N. Schulze, B. Franke, F. Klein, C. Lehmann, M.J.G.T. Vehreschild, M. Stecher, J.J. Vehreschild: Managing and documenting biomaterial samples in multi-centre studies with the DZIF LIMS tool HEnRY, ECCMID, 2021 (E-Poster)<\/li><li>S. Heinen, N. Schulze, B. Franke, F. Klein, C. Lehmann, M.J.G.T. Vehreschild, M. Stecher, J.J. Vehreschild: The DZIF LIMS \/ BIMS tool HEnRY: Collection and Documentation of Biosamples with a special focus on Multi-Centre Studies and Collaboration, KIT, 16. Kongress f\u00fcr Infektionskrankheiten und Tropenmedizin, 2021, (E-Poster)<\/li><li><a href=\"\/wp-content\/uploads\/2022\/02\/2018-henry-poster1.pdf\">S. Heinen, N. Schulze, B. Franke, F. Klein, C. Lehmann, M. Stecher, J.J. Vehreschild: HIV Engaged Research Technology (HEnRY): a DZIF LIMS Tool for the Collectionand Documentation of Biomaterial Samples in Multi-Centre Studies. Nationales Biobanken-Symposium 2018, Berlin, Germany.<\/a><\/li><li><a class=\"pb-link piwik_download\" style=\"transition-property: all;\" href=\"https:\/\/innere1.uk-koeln.de\/?pbid=194113\">J.-J. Vehreschild, B. Franke, S. Heinen, B. Shrestha, B. Gunsenheimer-Bartmeyer, G. Behrens, O. Degen, J. Bogner, J.Rockstroh, J. van Luzen, G. Kr\u00e4usslich, G.F\u00e4tkenheuer, : Translational Platform HIV \u2013 Expedited Research from Bench to Bedside and Back. DZIF Jahrestagung 2014, Deutschland.<\/a><\/li><\/ul>\t\t\t\t\t\t<\/div>\n\t\t\t\t<\/div>\n\t\t\t\t\t<\/div>\n\t\t<\/div>\n\t\t\t\t\t<\/div>\n\t\t<\/section>\n\t\t\t\t\t<\/div>\n\t\t<\/div>\n\t\t\t\t\t<\/div>\n\t\t<\/section>\n\t\t\t\t<\/div>","protected":false},"excerpt":{"rendered":"<p>Paper HEnRY: a DZIF LIMS tool for the collection and documentation of biomaterials in multicentre studies S. Heinen, N. Schulze, B. Franke, F. Klein, C. Lehmann, M. J. G. T. Vehreschild, C. Gloistein, M. Stecher &amp; J. J. Vehreschild BMC Bioinformatics, Software, Volume 21, Article number: 290 (2020)\u00a0https:\/\/bmcbioinformatics.biomedcentral.com\/articles\/10.1186\/s12859-020-03596-1 Abstracts \u201eWhole blood gene expression signatures define&#8230;<\/p>","protected":false},"author":1,"featured_media":0,"parent":0,"menu_order":0,"comment_status":"closed","ping_status":"closed","template":"","meta":{"footnotes":""},"class_list":["post-17059","page","type-page","status-publish","hentry","no-post-thumbnail"],"aioseo_notices":[],"_links":{"self":[{"href":"http:\/\/henry.idcohorts.net\/en\/wp-json\/wp\/v2\/pages\/17059","targetHints":{"allow":["GET"]}}],"collection":[{"href":"http:\/\/henry.idcohorts.net\/en\/wp-json\/wp\/v2\/pages"}],"about":[{"href":"http:\/\/henry.idcohorts.net\/en\/wp-json\/wp\/v2\/types\/page"}],"author":[{"embeddable":true,"href":"http:\/\/henry.idcohorts.net\/en\/wp-json\/wp\/v2\/users\/1"}],"replies":[{"embeddable":true,"href":"http:\/\/henry.idcohorts.net\/en\/wp-json\/wp\/v2\/comments?post=17059"}],"version-history":[{"count":65,"href":"http:\/\/henry.idcohorts.net\/en\/wp-json\/wp\/v2\/pages\/17059\/revisions"}],"predecessor-version":[{"id":18017,"href":"http:\/\/henry.idcohorts.net\/en\/wp-json\/wp\/v2\/pages\/17059\/revisions\/18017"}],"wp:attachment":[{"href":"http:\/\/henry.idcohorts.net\/en\/wp-json\/wp\/v2\/media?parent=17059"}],"curies":[{"name":"wp","href":"https:\/\/api.w.org\/{rel}","templated":true}]}}